{"id":369,"date":"2026-01-07T21:40:25","date_gmt":"2026-01-07T20:40:25","guid":{"rendered":"https:\/\/campingfreunde-hdh.de\/wp\/?page_id=369"},"modified":"2026-01-14T09:04:06","modified_gmt":"2026-01-14T08:04:06","slug":"member-werden","status":"publish","type":"page","link":"https:\/\/campingfreunde-hdh.de\/wp\/member-werden\/","title":{"rendered":"Helfer werden"},"content":{"rendered":"\n<p>Falls du Interesse hast uns zu helfen &#8211; <em>ohne Zwang und ohne Verpflichtung<\/em> &#8211; trage dich bitte ein. <mark style=\"background-color:rgba(0, 0, 0, 0)\" class=\"has-inline-color has-vivid-cyan-blue-color\">Gemeinsam schaffen wir mehr!<\/mark><\/p>\n\n\n<style id=\"wpforms-css-vars-371-block-3a48c7bd-2aa1-4570-878c-52eedc764f77\">\n\t\t\t\t#wpforms-371.wpforms-block-3a48c7bd-2aa1-4570-878c-52eedc764f77 {\n\t\t\t\t--wpforms-field-size-input-height: 43px;\n--wpforms-field-size-input-spacing: 15px;\n--wpforms-field-size-font-size: 16px;\n--wpforms-field-size-line-height: 19px;\n--wpforms-field-size-padding-h: 14px;\n--wpforms-field-size-checkbox-size: 16px;\n--wpforms-field-size-sublabel-spacing: 5px;\n--wpforms-field-size-icon-size: 1;\n--wpforms-label-size-font-size: 16px;\n--wpforms-label-size-line-height: 19px;\n--wpforms-label-size-sublabel-font-size: 14px;\n--wpforms-label-size-sublabel-line-height: 17px;\n--wpforms-button-size-font-size: 17px;\n--wpforms-button-size-height: 41px;\n--wpforms-button-size-padding-h: 15px;\n--wpforms-button-size-margin-top: 10px;\n\t\t\t}\n\t\t\t<\/style><div class=\"wpforms-container wpforms-container-full wpforms-block wpforms-block-3a48c7bd-2aa1-4570-878c-52eedc764f77 wpforms-render-modern\" id=\"wpforms-371\"><form id=\"wpforms-form-371\" class=\"wpforms-validate wpforms-form wpforms-ajax-form\" data-formid=\"371\" method=\"post\" enctype=\"multipart\/form-data\" action=\"\/wp\/wp-json\/wp\/v2\/pages\/369\" data-token=\"7a0ceda32616a50ea611409895e1540c\" data-token-time=\"1775386827\"><noscript class=\"wpforms-error-noscript\">Bitte aktiviere JavaScript in deinem Browser, um dieses Formular fertigzustellen.<\/noscript><div id=\"wpforms-error-noscript\" style=\"display: none;\">Bitte aktiviere JavaScript in deinem Browser, um dieses Formular fertigzustellen.<\/div><div class=\"wpforms-field-container\"><div id=\"wpforms-371-field_1-container\" class=\"wpforms-field wpforms-field-name\" data-field-id=\"1\"><fieldset><legend class=\"wpforms-field-label\">Name <span class=\"wpforms-required-label\" aria-hidden=\"true\">*<\/span><\/legend><div class=\"wpforms-field-row wpforms-field-medium\"><div class=\"wpforms-field-row-block wpforms-first wpforms-one-half\"><input type=\"text\" id=\"wpforms-371-field_1\" class=\"wpforms-field-name-first wpforms-field-required\" name=\"wpforms[fields][1][first]\" aria-errormessage=\"wpforms-371-field_1-error\" required><label for=\"wpforms-371-field_1\" class=\"wpforms-field-sublabel after\">Vorname<\/label><\/div><div class=\"wpforms-field-row-block wpforms-one-half\"><input type=\"text\" id=\"wpforms-371-field_1-last\" class=\"wpforms-field-name-last wpforms-field-required\" name=\"wpforms[fields][1][last]\" aria-errormessage=\"wpforms-371-field_1-last-error\" required><label for=\"wpforms-371-field_1-last\" class=\"wpforms-field-sublabel after\">Nachname<\/label><\/div><\/div><\/fieldset><\/div>\t\t<div id=\"wpforms-371-field_9-container\"\n\t\t\tclass=\"wpforms-field wpforms-field-text\"\n\t\t\tdata-field-type=\"text\"\n\t\t\tdata-field-id=\"9\"\n\t\t\t>\n\t\t\t<label class=\"wpforms-field-label\" for=\"wpforms-371-field_9\" >mithelfen E-Mail-Adresse k\u00f6nnte<\/label>\n\t\t\t<input type=\"text\" id=\"wpforms-371-field_9\" class=\"wpforms-field-medium\" name=\"wpforms[fields][9]\" >\n\t\t<\/div>\n\t\t<div id=\"wpforms-371-field_2-container\" class=\"wpforms-field wpforms-field-email\" data-field-id=\"2\"><label class=\"wpforms-field-label\" for=\"wpforms-371-field_2\">E-Mail-Adresse <span class=\"wpforms-required-label\" aria-hidden=\"true\">*<\/span><\/label><input type=\"email\" id=\"wpforms-371-field_2\" class=\"wpforms-field-medium wpforms-field-required\" name=\"wpforms[fields][2]\" spellcheck=\"false\" aria-errormessage=\"wpforms-371-field_2-error\" required><\/div><div id=\"wpforms-371-field_4-container\" class=\"wpforms-field wpforms-field-textarea\" data-field-id=\"4\"><label class=\"wpforms-field-label\" for=\"wpforms-371-field_4\">Adresse<\/label><textarea id=\"wpforms-371-field_4\" class=\"wpforms-field-medium\" name=\"wpforms[fields][4]\" aria-errormessage=\"wpforms-371-field_4-error\" ><\/textarea><\/div><div id=\"wpforms-371-field_5-container\" class=\"wpforms-field wpforms-field-select wpforms-field-select-style-classic\" data-field-id=\"5\"><label class=\"wpforms-field-label\" for=\"wpforms-371-field_5\">Wieviele Familienmitglieder sind dabei?<\/label><select id=\"wpforms-371-field_5\" class=\"wpforms-field-medium\" name=\"wpforms[fields][5]\"><option value=\"1\"  class=\"choice-1 depth-1\"  >1<\/option><option value=\"2\"  class=\"choice-2 depth-1\"  >2<\/option><option value=\"3\"  class=\"choice-3 depth-1\"  >3<\/option><option value=\"4\"  class=\"choice-4 depth-1\"  >4<\/option><option value=\"5\"  class=\"choice-5 depth-1\"  >5<\/option><option value=\"6\"  class=\"choice-6 depth-1\"  >6<\/option><option value=\"7\"  class=\"choice-7 depth-1\"  >7<\/option><option value=\"8\"  class=\"choice-8 depth-1\"  >8<\/option><option value=\"9\"  class=\"choice-9 depth-1\"  >9<\/option><\/select><\/div><div id=\"wpforms-371-field_6-container\" class=\"wpforms-field wpforms-field-select wpforms-field-select-style-classic\" data-field-id=\"6\"><label class=\"wpforms-field-label\" for=\"wpforms-371-field_6\">Wieviele Kinder unter 16 Jahre sind dabei?<\/label><select id=\"wpforms-371-field_6\" class=\"wpforms-field-medium\" name=\"wpforms[fields][6]\"><option value=\"1\"  class=\"choice-1 depth-1\"  >1<\/option><option value=\"2\"  class=\"choice-2 depth-1\"  >2<\/option><option value=\"3\"  class=\"choice-3 depth-1\"  >3<\/option><option value=\"4\"  class=\"choice-5 depth-1\"  >4<\/option><option value=\"5\"  class=\"choice-4 depth-1\"  >5<\/option><option value=\"6\"  class=\"choice-8 depth-1\"  >6<\/option><option value=\"7\"  class=\"choice-7 depth-1\"  >7<\/option><option value=\"8\"  class=\"choice-6 depth-1\"  >8<\/option><\/select><\/div><div id=\"wpforms-371-field_7-container\" class=\"wpforms-field wpforms-field-checkbox\" data-field-id=\"7\"><fieldset><legend class=\"wpforms-field-label\">Ich will mithelfen und k\u00f6nnte mich folgenderma\u00dfen einbringen:<\/legend><ul id=\"wpforms-371-field_7\"><li class=\"choice-1 depth-1\"><input type=\"checkbox\" id=\"wpforms-371-field_7_1\" name=\"wpforms[fields][7][]\" value=\"Orga-Team\" aria-errormessage=\"wpforms-371-field_7_1-error\"  ><label class=\"wpforms-field-label-inline\" for=\"wpforms-371-field_7_1\">Orga-Team<\/label><\/li><li class=\"choice-2 depth-1\"><input type=\"checkbox\" id=\"wpforms-371-field_7_2\" name=\"wpforms[fields][7][]\" value=\"Touren-Team\" aria-errormessage=\"wpforms-371-field_7_2-error\"  ><label class=\"wpforms-field-label-inline\" for=\"wpforms-371-field_7_2\">Touren-Team<\/label><\/li><li class=\"choice-3 depth-1\"><input type=\"checkbox\" id=\"wpforms-371-field_7_3\" name=\"wpforms[fields][7][]\" value=\"Internet\" aria-errormessage=\"wpforms-371-field_7_3-error\"  ><label class=\"wpforms-field-label-inline\" for=\"wpforms-371-field_7_3\">Internet<\/label><\/li><li class=\"choice-4 depth-1\"><input type=\"checkbox\" id=\"wpforms-371-field_7_4\" name=\"wpforms[fields][7][]\" value=\"Social Media\" aria-errormessage=\"wpforms-371-field_7_4-error\"  ><label class=\"wpforms-field-label-inline\" for=\"wpforms-371-field_7_4\">Social Media<\/label><\/li><li class=\"choice-5 depth-1\"><input type=\"checkbox\" id=\"wpforms-371-field_7_5\" name=\"wpforms[fields][7][]\" value=\"Elektro\" aria-errormessage=\"wpforms-371-field_7_5-error\"  ><label class=\"wpforms-field-label-inline\" for=\"wpforms-371-field_7_5\">Elektro<\/label><\/li><li class=\"choice-6 depth-1\"><input type=\"checkbox\" id=\"wpforms-371-field_7_6\" name=\"wpforms[fields][7][]\" value=\"Reparaturen am Wohnwagen\/-mobil\" aria-errormessage=\"wpforms-371-field_7_6-error\"  ><label class=\"wpforms-field-label-inline\" for=\"wpforms-371-field_7_6\">Reparaturen am Wohnwagen\/-mobil<\/label><\/li><li class=\"choice-7 depth-1\"><input type=\"checkbox\" id=\"wpforms-371-field_7_7\" name=\"wpforms[fields][7][]\" value=\"Kochen, Backen, Verk\u00f6stigen\" aria-errormessage=\"wpforms-371-field_7_7-error\"  ><label class=\"wpforms-field-label-inline\" for=\"wpforms-371-field_7_7\">Kochen, Backen, Verk\u00f6stigen<\/label><\/li><li class=\"choice-8 depth-1\"><input type=\"checkbox\" id=\"wpforms-371-field_7_8\" name=\"wpforms[fields][7][]\" value=\"sonstiges\" aria-errormessage=\"wpforms-371-field_7_8-error\"  ><label class=\"wpforms-field-label-inline\" for=\"wpforms-371-field_7_8\">sonstiges<\/label><\/li><\/ul><\/fieldset><\/div><div id=\"wpforms-371-field_3-container\" class=\"wpforms-field wpforms-field-textarea\" data-field-id=\"3\"><label class=\"wpforms-field-label\" for=\"wpforms-371-field_3\">Ich kann folgendes noch beisteuern<\/label><textarea id=\"wpforms-371-field_3\" class=\"wpforms-field-medium\" name=\"wpforms[fields][3]\" aria-errormessage=\"wpforms-371-field_3-error\" aria-describedby=\"wpforms-371-field_3-description\" ><\/textarea><div id=\"wpforms-371-field_3-description\" class=\"wpforms-field-description\">Hier k\u00f6nnen Ger\u00e4te (z.B. Zelt, Grill, Pavillion,&#8230;) eingetragen, die ihr bei einer Ausfahrt mitbringen k\u00f6nntet.<\/div><\/div><div id=\"wpforms-371-field_8-container\" class=\"wpforms-field wpforms-field-textarea\" data-field-id=\"8\"><label class=\"wpforms-field-label\" for=\"wpforms-371-field_8\">Ich habe folgende Anregungen und Ideen<\/label><textarea id=\"wpforms-371-field_8\" class=\"wpforms-field-medium\" name=\"wpforms[fields][8]\" aria-errormessage=\"wpforms-371-field_8-error\" aria-describedby=\"wpforms-371-field_8-description\" ><\/textarea><div id=\"wpforms-371-field_8-description\" class=\"wpforms-field-description\">Anregungen und Ideen bringen uns weiter! Hast du vielleicht was wir noch machen, oder besser machen k\u00f6nnen.<\/div><\/div><script>\n\t\t\t\t( function() {\n\t\t\t\t\tconst style = document.createElement( 'style' );\n\t\t\t\t\tstyle.appendChild( document.createTextNode( '#wpforms-371-field_9-container { position: absolute !important; overflow: hidden !important; display: inline !important; height: 1px !important; width: 1px !important; z-index: -1000 !important; padding: 0 !important; } #wpforms-371-field_9-container input { visibility: hidden; } #wpforms-conversational-form-page #wpforms-371-field_9-container label { counter-increment: none; }' ) );\n\t\t\t\t\tdocument.head.appendChild( style );\n\t\t\t\t\tdocument.currentScript?.remove();\n\t\t\t\t} )();\n\t\t\t<\/script><\/div><!-- .wpforms-field-container --><div class=\"wpforms-submit-container\" ><input type=\"hidden\" name=\"wpforms[id]\" value=\"371\"><input type=\"hidden\" name=\"page_title\" value=\"\"><input type=\"hidden\" name=\"page_url\" value=\"https:\/\/campingfreunde-hdh.de\/wp\/wp-json\/wp\/v2\/pages\/369\"><input type=\"hidden\" name=\"url_referer\" value=\"\"><button type=\"submit\" name=\"wpforms[submit]\" id=\"wpforms-submit-371\" class=\"wpforms-submit\" data-alt-text=\"Wird gesendet\u00a0\u2026\" data-submit-text=\"Absenden\" aria-live=\"assertive\" value=\"wpforms-submit\">Absenden<\/button><img loading=\"lazy\" decoding=\"async\" src=\"https:\/\/campingfreunde-hdh.de\/wp\/wp-content\/plugins\/wpforms-lite\/assets\/images\/submit-spin.svg\" class=\"wpforms-submit-spinner\" style=\"display: none;\" width=\"26\" height=\"26\" alt=\"Wird geladen\"><\/div><\/form><\/div>  <!-- .wpforms-container -->","protected":false},"excerpt":{"rendered":"<p>Falls du Interesse hast uns zu helfen &#8211; ohne Zwang und ohne Verpflichtung &#8211; trage dich bitte ein. Gemeinsam schaffen wir mehr!<\/p>\n","protected":false},"author":4,"featured_media":450,"parent":0,"menu_order":0,"comment_status":"closed","ping_status":"closed","template":"","meta":{"footnotes":""},"class_list":["post-369","page","type-page","status-publish","has-post-thumbnail","hentry"],"yoast_head":"<!-- This site is optimized with the Yoast SEO plugin v27.3 - https:\/\/yoast.com\/product\/yoast-seo-wordpress\/ -->\n<title>Helfer werden - Campingfreunde Heidenheim<\/title>\n<meta name=\"robots\" content=\"index, follow, max-snippet:-1, max-image-preview:large, max-video-preview:-1\" \/>\n<link rel=\"canonical\" href=\"https:\/\/campingfreunde-hdh.de\/wp\/member-werden\/\" \/>\n<meta property=\"og:locale\" content=\"de_DE\" \/>\n<meta property=\"og:type\" content=\"article\" \/>\n<meta property=\"og:title\" content=\"Helfer werden - Campingfreunde Heidenheim\" \/>\n<meta property=\"og:description\" content=\"Falls du Interesse hast uns zu helfen &#8211; ohne Zwang und ohne Verpflichtung &#8211; trage dich bitte ein. Gemeinsam schaffen wir mehr!\" \/>\n<meta property=\"og:url\" content=\"https:\/\/campingfreunde-hdh.de\/wp\/member-werden\/\" \/>\n<meta property=\"og:site_name\" content=\"Campingfreunde Heidenheim\" \/>\n<meta property=\"article:modified_time\" content=\"2026-01-14T08:04:06+00:00\" \/>\n<meta property=\"og:image\" content=\"https:\/\/campingfreunde-hdh.de\/wp\/wp-content\/uploads\/2026\/01\/helfer-werden-1024x683.png\" \/>\n\t<meta property=\"og:image:width\" content=\"1024\" \/>\n\t<meta property=\"og:image:height\" content=\"683\" \/>\n\t<meta property=\"og:image:type\" content=\"image\/png\" \/>\n<meta name=\"twitter:card\" content=\"summary_large_image\" \/>\n<meta name=\"twitter:label1\" content=\"Gesch\u00e4tzte Lesezeit\" \/>\n\t<meta name=\"twitter:data1\" content=\"1\u00a0Minute\" \/>\n<script type=\"application\/ld+json\" class=\"yoast-schema-graph\">{\"@context\":\"https:\\\/\\\/schema.org\",\"@graph\":[{\"@type\":\"WebPage\",\"@id\":\"https:\\\/\\\/campingfreunde-hdh.de\\\/wp\\\/member-werden\\\/\",\"url\":\"https:\\\/\\\/campingfreunde-hdh.de\\\/wp\\\/member-werden\\\/\",\"name\":\"Helfer werden - Campingfreunde Heidenheim\",\"isPartOf\":{\"@id\":\"https:\\\/\\\/campingfreunde-hdh.de\\\/wp\\\/#website\"},\"primaryImageOfPage\":{\"@id\":\"https:\\\/\\\/campingfreunde-hdh.de\\\/wp\\\/member-werden\\\/#primaryimage\"},\"image\":{\"@id\":\"https:\\\/\\\/campingfreunde-hdh.de\\\/wp\\\/member-werden\\\/#primaryimage\"},\"thumbnailUrl\":\"https:\\\/\\\/campingfreunde-hdh.de\\\/wp\\\/wp-content\\\/uploads\\\/2026\\\/01\\\/helfer-werden.png\",\"datePublished\":\"2026-01-07T20:40:25+00:00\",\"dateModified\":\"2026-01-14T08:04:06+00:00\",\"breadcrumb\":{\"@id\":\"https:\\\/\\\/campingfreunde-hdh.de\\\/wp\\\/member-werden\\\/#breadcrumb\"},\"inLanguage\":\"de\",\"potentialAction\":[{\"@type\":\"ReadAction\",\"target\":[\"https:\\\/\\\/campingfreunde-hdh.de\\\/wp\\\/member-werden\\\/\"]}]},{\"@type\":\"ImageObject\",\"inLanguage\":\"de\",\"@id\":\"https:\\\/\\\/campingfreunde-hdh.de\\\/wp\\\/member-werden\\\/#primaryimage\",\"url\":\"https:\\\/\\\/campingfreunde-hdh.de\\\/wp\\\/wp-content\\\/uploads\\\/2026\\\/01\\\/helfer-werden.png\",\"contentUrl\":\"https:\\\/\\\/campingfreunde-hdh.de\\\/wp\\\/wp-content\\\/uploads\\\/2026\\\/01\\\/helfer-werden.png\",\"width\":1536,\"height\":1024},{\"@type\":\"BreadcrumbList\",\"@id\":\"https:\\\/\\\/campingfreunde-hdh.de\\\/wp\\\/member-werden\\\/#breadcrumb\",\"itemListElement\":[{\"@type\":\"ListItem\",\"position\":1,\"name\":\"Start\",\"item\":\"https:\\\/\\\/campingfreunde-hdh.de\\\/wp\\\/\"},{\"@type\":\"ListItem\",\"position\":2,\"name\":\"Helfer werden\"}]},{\"@type\":\"WebSite\",\"@id\":\"https:\\\/\\\/campingfreunde-hdh.de\\\/wp\\\/#website\",\"url\":\"https:\\\/\\\/campingfreunde-hdh.de\\\/wp\\\/\",\"name\":\"Campingfreunde Heidenheim\",\"description\":\"Offene Camping-Gemeinschaft\",\"publisher\":{\"@id\":\"https:\\\/\\\/campingfreunde-hdh.de\\\/wp\\\/#organization\"},\"potentialAction\":[{\"@type\":\"SearchAction\",\"target\":{\"@type\":\"EntryPoint\",\"urlTemplate\":\"https:\\\/\\\/campingfreunde-hdh.de\\\/wp\\\/?s={search_term_string}\"},\"query-input\":{\"@type\":\"PropertyValueSpecification\",\"valueRequired\":true,\"valueName\":\"search_term_string\"}}],\"inLanguage\":\"de\"},{\"@type\":\"Organization\",\"@id\":\"https:\\\/\\\/campingfreunde-hdh.de\\\/wp\\\/#organization\",\"name\":\"Campingfreunde Heidenheim\",\"url\":\"https:\\\/\\\/campingfreunde-hdh.de\\\/wp\\\/\",\"logo\":{\"@type\":\"ImageObject\",\"inLanguage\":\"de\",\"@id\":\"https:\\\/\\\/campingfreunde-hdh.de\\\/wp\\\/#\\\/schema\\\/logo\\\/image\\\/\",\"url\":\"https:\\\/\\\/campingfreunde-hdh.de\\\/wp\\\/wp-content\\\/uploads\\\/2025\\\/12\\\/logo_campingfreunde2.png\",\"contentUrl\":\"https:\\\/\\\/campingfreunde-hdh.de\\\/wp\\\/wp-content\\\/uploads\\\/2025\\\/12\\\/logo_campingfreunde2.png\",\"width\":1024,\"height\":1024,\"caption\":\"Campingfreunde Heidenheim\"},\"image\":{\"@id\":\"https:\\\/\\\/campingfreunde-hdh.de\\\/wp\\\/#\\\/schema\\\/logo\\\/image\\\/\"}}]}<\/script>\n<!-- \/ Yoast SEO plugin. -->","yoast_head_json":{"title":"Helfer werden - Campingfreunde Heidenheim","robots":{"index":"index","follow":"follow","max-snippet":"max-snippet:-1","max-image-preview":"max-image-preview:large","max-video-preview":"max-video-preview:-1"},"canonical":"https:\/\/campingfreunde-hdh.de\/wp\/member-werden\/","og_locale":"de_DE","og_type":"article","og_title":"Helfer werden - Campingfreunde Heidenheim","og_description":"Falls du Interesse hast uns zu helfen &#8211; ohne Zwang und ohne Verpflichtung &#8211; trage dich bitte ein. Gemeinsam schaffen wir mehr!","og_url":"https:\/\/campingfreunde-hdh.de\/wp\/member-werden\/","og_site_name":"Campingfreunde Heidenheim","article_modified_time":"2026-01-14T08:04:06+00:00","og_image":[{"width":1024,"height":683,"url":"https:\/\/campingfreunde-hdh.de\/wp\/wp-content\/uploads\/2026\/01\/helfer-werden-1024x683.png","type":"image\/png"}],"twitter_card":"summary_large_image","twitter_misc":{"Gesch\u00e4tzte Lesezeit":"1\u00a0Minute"},"schema":{"@context":"https:\/\/schema.org","@graph":[{"@type":"WebPage","@id":"https:\/\/campingfreunde-hdh.de\/wp\/member-werden\/","url":"https:\/\/campingfreunde-hdh.de\/wp\/member-werden\/","name":"Helfer werden - Campingfreunde Heidenheim","isPartOf":{"@id":"https:\/\/campingfreunde-hdh.de\/wp\/#website"},"primaryImageOfPage":{"@id":"https:\/\/campingfreunde-hdh.de\/wp\/member-werden\/#primaryimage"},"image":{"@id":"https:\/\/campingfreunde-hdh.de\/wp\/member-werden\/#primaryimage"},"thumbnailUrl":"https:\/\/campingfreunde-hdh.de\/wp\/wp-content\/uploads\/2026\/01\/helfer-werden.png","datePublished":"2026-01-07T20:40:25+00:00","dateModified":"2026-01-14T08:04:06+00:00","breadcrumb":{"@id":"https:\/\/campingfreunde-hdh.de\/wp\/member-werden\/#breadcrumb"},"inLanguage":"de","potentialAction":[{"@type":"ReadAction","target":["https:\/\/campingfreunde-hdh.de\/wp\/member-werden\/"]}]},{"@type":"ImageObject","inLanguage":"de","@id":"https:\/\/campingfreunde-hdh.de\/wp\/member-werden\/#primaryimage","url":"https:\/\/campingfreunde-hdh.de\/wp\/wp-content\/uploads\/2026\/01\/helfer-werden.png","contentUrl":"https:\/\/campingfreunde-hdh.de\/wp\/wp-content\/uploads\/2026\/01\/helfer-werden.png","width":1536,"height":1024},{"@type":"BreadcrumbList","@id":"https:\/\/campingfreunde-hdh.de\/wp\/member-werden\/#breadcrumb","itemListElement":[{"@type":"ListItem","position":1,"name":"Start","item":"https:\/\/campingfreunde-hdh.de\/wp\/"},{"@type":"ListItem","position":2,"name":"Helfer werden"}]},{"@type":"WebSite","@id":"https:\/\/campingfreunde-hdh.de\/wp\/#website","url":"https:\/\/campingfreunde-hdh.de\/wp\/","name":"Campingfreunde Heidenheim","description":"Offene Camping-Gemeinschaft","publisher":{"@id":"https:\/\/campingfreunde-hdh.de\/wp\/#organization"},"potentialAction":[{"@type":"SearchAction","target":{"@type":"EntryPoint","urlTemplate":"https:\/\/campingfreunde-hdh.de\/wp\/?s={search_term_string}"},"query-input":{"@type":"PropertyValueSpecification","valueRequired":true,"valueName":"search_term_string"}}],"inLanguage":"de"},{"@type":"Organization","@id":"https:\/\/campingfreunde-hdh.de\/wp\/#organization","name":"Campingfreunde Heidenheim","url":"https:\/\/campingfreunde-hdh.de\/wp\/","logo":{"@type":"ImageObject","inLanguage":"de","@id":"https:\/\/campingfreunde-hdh.de\/wp\/#\/schema\/logo\/image\/","url":"https:\/\/campingfreunde-hdh.de\/wp\/wp-content\/uploads\/2025\/12\/logo_campingfreunde2.png","contentUrl":"https:\/\/campingfreunde-hdh.de\/wp\/wp-content\/uploads\/2025\/12\/logo_campingfreunde2.png","width":1024,"height":1024,"caption":"Campingfreunde Heidenheim"},"image":{"@id":"https:\/\/campingfreunde-hdh.de\/wp\/#\/schema\/logo\/image\/"}}]}},"_links":{"self":[{"href":"https:\/\/campingfreunde-hdh.de\/wp\/wp-json\/wp\/v2\/pages\/369","targetHints":{"allow":["GET"]}}],"collection":[{"href":"https:\/\/campingfreunde-hdh.de\/wp\/wp-json\/wp\/v2\/pages"}],"about":[{"href":"https:\/\/campingfreunde-hdh.de\/wp\/wp-json\/wp\/v2\/types\/page"}],"author":[{"embeddable":true,"href":"https:\/\/campingfreunde-hdh.de\/wp\/wp-json\/wp\/v2\/users\/4"}],"replies":[{"embeddable":true,"href":"https:\/\/campingfreunde-hdh.de\/wp\/wp-json\/wp\/v2\/comments?post=369"}],"version-history":[{"count":4,"href":"https:\/\/campingfreunde-hdh.de\/wp\/wp-json\/wp\/v2\/pages\/369\/revisions"}],"predecessor-version":[{"id":452,"href":"https:\/\/campingfreunde-hdh.de\/wp\/wp-json\/wp\/v2\/pages\/369\/revisions\/452"}],"wp:featuredmedia":[{"embeddable":true,"href":"https:\/\/campingfreunde-hdh.de\/wp\/wp-json\/wp\/v2\/media\/450"}],"wp:attachment":[{"href":"https:\/\/campingfreunde-hdh.de\/wp\/wp-json\/wp\/v2\/media?parent=369"}],"curies":[{"name":"wp","href":"https:\/\/api.w.org\/{rel}","templated":true}]}}